{"id":401,"date":"2021-01-04T12:08:20","date_gmt":"2021-01-04T12:08:20","guid":{"rendered":"https:\/\/ideenpur.com\/?page_id=401"},"modified":"2021-01-04T12:08:20","modified_gmt":"2021-01-04T12:08:20","slug":"news","status":"publish","type":"page","link":"https:\/\/ideenpur.com\/?page_id=401","title":{"rendered":"News"},"content":{"rendered":"\n\t\t\t<div class=\"display-post-types\">\n\n\t\t\t\t\t\t\t<style type=\"text\/css\">\n\t\t\t#dpt-wrapper-645 { --dpt-text-align: left;--dpt-image-crop: center;--dpt-border-radius: 0px;--dpt-h-gutter: 10px;--dpt-v-gutter: 10px; }\t\t\t<\/style>\n\t\t\t<style type=\"text\/css\">#dpt-wrapper-645 { --dpt-title-font-style:normal;--dpt-title-font-weight:600;--dpt-title-line-height:1.5;--dpt-title-text-decoration:none;--dpt-title-text-transform:none;--dpt-excerpt-font-style:normal;--dpt-excerpt-font-weight:400;--dpt-excerpt-line-height:1.5;--dpt-excerpt-text-decoration:none;--dpt-excerpt-text-transform:none;--dpt-meta1-font-style:normal;--dpt-meta1-font-weight:400;--dpt-meta1-line-height:1.9;--dpt-meta1-text-decoration:none;--dpt-meta1-text-transform:none;--dpt-meta2-font-style:normal;--dpt-meta2-font-weight:400;--dpt-meta2-line-height:1.9;--dpt-meta2-text-decoration:none;--dpt-meta2-text-transform:none; }<\/style>\t\t\t\n\t\t\t\t<div id=\"dpt-wrapper-645\" class=\"dpt-wrapper dpt-list1 dpt-flex-wrap\" >\n\n\t\t\t\t\t\t\t\t\t\t\t<div class=\"dpt-entry has-thumbnail\" data-title=\"isah radelt jetzt!\" data-id=\"440\"  data-category=\"news\">\n\t\t\t\t\t\t\t<div class=\"dpt-entry-wrapper\"><div class=\" dpt-featured-content\"><div class=\" dpt-permalink\"><a href=\"https:\/\/ideenpur.com\/?p=440\" class=\"dpt-permalink\"><span class=\"screen-reader-text\">isah radelt jetzt!<\/span><\/a><\/div><div class=\" dpt-thumbnail\"><div class=\"dpt-thumbnail-inner\"><img width=\"2560\" height=\"2560\" class=\"attachment-full size-full\" alt=\"\" decoding=\"async\" loading=\"lazy\" context=\"dpt\" data-attachment-id=\"441\" data-permalink=\"https:\/\/ideenpur.com\/?attachment_id=441\" data-orig-file=\"https:\/\/ideenpur.com\/wp-content\/uploads\/2021\/04\/0239134f-1e4a-46dc-a269-0e56f6d125cd-1-scaled.jpg\" data-orig-size=\"2560,2560\" data-comments-opened=\"1\" data-image-meta=\"{&quot;aperture&quot;:&quot;1.8&quot;,&quot;credit&quot;:&quot;&quot;,&quot;camera&quot;:&quot;iPhone 11&quot;,&quot;caption&quot;:&quot;&quot;,&quot;created_timestamp&quot;:&quot;1619548159&quot;,&quot;copyright&quot;:&quot;&quot;,&quot;focal_length&quot;:&quot;4.25&quot;,&quot;iso&quot;:&quot;32&quot;,&quot;shutter_speed&quot;:&quot;0.0026666666666667&quot;,&quot;title&quot;:&quot;&quot;,&quot;orientation&quot;:&quot;1&quot;}\" data-image-title=\"0239134f-1e4a-46dc-a269-0e56f6d125cd-1\" data-image-description=\"\" data-image-caption=\"\" data-medium-file=\"https:\/\/ideenpur.com\/wp-content\/uploads\/2021\/04\/0239134f-1e4a-46dc-a269-0e56f6d125cd-1-300x300.jpg\" data-large-file=\"https:\/\/ideenpur.com\/wp-content\/uploads\/2021\/04\/0239134f-1e4a-46dc-a269-0e56f6d125cd-1-1024x1024.jpg\" data-dpt-src=\"https:\/\/ideenpur.com\/wp-content\/uploads\/2021\/04\/0239134f-1e4a-46dc-a269-0e56f6d125cd-1-scaled.jpg\" data-dpt-sizes=\"(max-width: 2560px) 100vw, 2560px\" data-dpt-srcset=\"https:\/\/ideenpur.com\/wp-content\/uploads\/2021\/04\/0239134f-1e4a-46dc-a269-0e56f6d125cd-1-scaled.jpg 2560w, https:\/\/ideenpur.com\/wp-content\/uploads\/2021\/04\/0239134f-1e4a-46dc-a269-0e56f6d125cd-1-300x300.jpg 300w, https:\/\/ideenpur.com\/wp-content\/uploads\/2021\/04\/0239134f-1e4a-46dc-a269-0e56f6d125cd-1-1024x1024.jpg 1024w, https:\/\/ideenpur.com\/wp-content\/uploads\/2021\/04\/0239134f-1e4a-46dc-a269-0e56f6d125cd-1-150x150.jpg 150w, https:\/\/ideenpur.com\/wp-content\/uploads\/2021\/04\/0239134f-1e4a-46dc-a269-0e56f6d125cd-1-768x768.jpg 768w, https:\/\/ideenpur.com\/wp-content\/uploads\/2021\/04\/0239134f-1e4a-46dc-a269-0e56f6d125cd-1-1536x1536.jpg 1536w, https:\/\/ideenpur.com\/wp-content\/uploads\/2021\/04\/0239134f-1e4a-46dc-a269-0e56f6d125cd-1-2048x2048.jpg 2048w\" \/><\/div><span class=\"dpt-thumbnail-aspect-ratio\" style=\"padding-top: 100%\"><\/span><\/div><\/div><div class=\" sub-entry\"><h3 class=\" dpt-title\"><a class=\"dpt-title-link\" href=\"https:\/\/ideenpur.com\/?p=440\" rel=\"bookmark\">isah radelt jetzt!<\/a><\/h3><div class=\" dpt-excerpt\">Das neue Lastenrad f\u00fcr isah ist von der Elektrorad-Zentrale in Unterhaching geliefert worden. Die Beschriftung hat unser langj\u00e4hriger Lieferant prodesign aus Regensburg produziert. Ab sofort flitzt dieses schicke Gef\u00e4hrt in und um M\u00fcnchen durch die Gegend. Vielleicht sieht man sich ja mal!<\/div><\/div><\/div>\n\t\t\t\t\t\t<\/div><!-- .dpt-entry -->\n\t\t\t\t\t\t\t\t\t\t\t\t<div class=\"dpt-entry has-thumbnail\" data-title=\"neue webseite\" data-id=\"384\"  data-category=\"isah news\">\n\t\t\t\t\t\t\t<div class=\"dpt-entry-wrapper\"><div class=\" dpt-featured-content\"><div class=\" dpt-permalink\"><a href=\"https:\/\/ideenpur.com\/?p=384\" class=\"dpt-permalink\"><span class=\"screen-reader-text\">Neue Webseite<\/span><\/a><\/div><div class=\" dpt-thumbnail\"><div class=\"dpt-thumbnail-inner\"><img width=\"1360\" height=\"765\" class=\"attachment-full size-full\" alt=\"\" decoding=\"async\" loading=\"lazy\" context=\"dpt\" data-attachment-id=\"385\" data-permalink=\"https:\/\/ideenpur.com\/?attachment_id=385\" data-orig-file=\"https:\/\/ideenpur.com\/wp-content\/uploads\/2021\/01\/isah_Beitragsbild-isah-Webseite_1360x765.jpg\" data-orig-size=\"1360,765\" data-comments-opened=\"1\" data-image-meta=\"{&quot;aperture&quot;:&quot;0&quot;,&quot;credit&quot;:&quot;&quot;,&quot;camera&quot;:&quot;&quot;,&quot;caption&quot;:&quot;&quot;,&quot;created_timestamp&quot;:&quot;0&quot;,&quot;copyright&quot;:&quot;&quot;,&quot;focal_length&quot;:&quot;0&quot;,&quot;iso&quot;:&quot;0&quot;,&quot;shutter_speed&quot;:&quot;0&quot;,&quot;title&quot;:&quot;&quot;,&quot;orientation&quot;:&quot;1&quot;}\" data-image-title=\"isah_Beitragsbild-isah-Webseite_1360x765\" data-image-description=\"\" data-image-caption=\"\" data-medium-file=\"https:\/\/ideenpur.com\/wp-content\/uploads\/2021\/01\/isah_Beitragsbild-isah-Webseite_1360x765-300x169.jpg\" data-large-file=\"https:\/\/ideenpur.com\/wp-content\/uploads\/2021\/01\/isah_Beitragsbild-isah-Webseite_1360x765-1024x576.jpg\" data-dpt-src=\"https:\/\/ideenpur.com\/wp-content\/uploads\/2021\/01\/isah_Beitragsbild-isah-Webseite_1360x765.jpg\" data-dpt-sizes=\"(max-width: 1360px) 100vw, 1360px\" data-dpt-srcset=\"https:\/\/ideenpur.com\/wp-content\/uploads\/2021\/01\/isah_Beitragsbild-isah-Webseite_1360x765.jpg 1360w, https:\/\/ideenpur.com\/wp-content\/uploads\/2021\/01\/isah_Beitragsbild-isah-Webseite_1360x765-300x169.jpg 300w, https:\/\/ideenpur.com\/wp-content\/uploads\/2021\/01\/isah_Beitragsbild-isah-Webseite_1360x765-1024x576.jpg 1024w, https:\/\/ideenpur.com\/wp-content\/uploads\/2021\/01\/isah_Beitragsbild-isah-Webseite_1360x765-768x432.jpg 768w, https:\/\/ideenpur.com\/wp-content\/uploads\/2021\/01\/isah_Beitragsbild-isah-Webseite_1360x765-640x360.jpg 640w\" \/><\/div><span class=\"dpt-thumbnail-aspect-ratio\" style=\"padding-top: 56%\"><\/span><\/div><\/div><div class=\" sub-entry\"><h3 class=\" dpt-title\"><a class=\"dpt-title-link\" href=\"https:\/\/ideenpur.com\/?p=384\" rel=\"bookmark\">Neue Webseite<\/a><\/h3><div class=\" dpt-excerpt\">Unsere neue Webseite ist online. Viel Spa\u00df beim St\u00f6bern! \u00dcbrigens k\u00f6nnen neue Beitr\u00e4ge abonniert werden. Einfach f\u00fcr das Blog-Abo eintragen.<\/div><\/div><\/div>\n\t\t\t\t\t\t<\/div><!-- .dpt-entry -->\n\t\t\t\t\t\t\n\t\t\t\t<\/div>\n\t\t\t\t\t\t<\/div>\n\t\t\t","protected":false},"excerpt":{"rendered":"","protected":false},"author":1,"featured_media":0,"parent":0,"menu_order":0,"comment_status":"closed","ping_status":"closed","template":"","meta":[],"_links":{"self":[{"href":"https:\/\/ideenpur.com\/index.php?rest_route=\/wp\/v2\/pages\/401"}],"collection":[{"href":"https:\/\/ideenpur.com\/index.php?rest_route=\/wp\/v2\/pages"}],"about":[{"href":"https:\/\/ideenpur.com\/index.php?rest_route=\/wp\/v2\/types\/page"}],"author":[{"embeddable":true,"href":"https:\/\/ideenpur.com\/index.php?rest_route=\/wp\/v2\/users\/1"}],"replies":[{"embeddable":true,"href":"https:\/\/ideenpur.com\/index.php?rest_route=%2Fwp%2Fv2%2Fcomments&post=401"}],"version-history":[{"count":1,"href":"https:\/\/ideenpur.com\/index.php?rest_route=\/wp\/v2\/pages\/401\/revisions"}],"predecessor-version":[{"id":403,"href":"https:\/\/ideenpur.com\/index.php?rest_route=\/wp\/v2\/pages\/401\/revisions\/403"}],"wp:attachment":[{"href":"https:\/\/ideenpur.com\/index.php?rest_route=%2Fwp%2Fv2%2Fmedia&parent=401"}],"curies":[{"name":"wp","href":"https:\/\/api.w.org\/{rel}","templated":true}]}}